{"id":133,"date":"2020-06-13T19:53:34","date_gmt":"2020-06-13T19:53:34","guid":{"rendered":"https:\/\/electricien-montrouge.fr\/?page_id=133"},"modified":"2020-06-23T08:23:29","modified_gmt":"2020-06-23T08:23:29","slug":"installation-electrique","status":"publish","type":"page","link":"https:\/\/electricien-montrouge.fr\/?page_id=133","title":{"rendered":"Installation \u00e9lectrique"},"content":{"rendered":"<div id='av_section_1'  class='avia-section main_color avia-section-huge avia-no-border-styling  avia-full-stretch avia-bg-style-scroll  avia-builder-el-0  el_before_av_section  avia-builder-el-first   container_wrap sidebar_right' style='background-repeat: no-repeat; background-image: url(https:\/\/electricien-montrouge.fr\/wp-content\/uploads\/2020\/06\/jtm-services-banner.jpg);background-attachment: scroll; background-position: center center;  '  data-section-bg-repeat='stretch'><div class='container' ><main  role=\"main\" itemprop=\"mainContentOfPage\"  class='template-page content  av-content-small alpha units'><div class='post-entry post-entry-type-page post-entry-133'><div class='entry-content-wrapper clearfix'>\n<div class=\"flex_column av_one_full  flex_column_div av-zero-column-padding first  avia-builder-el-1  avia-builder-el-no-sibling  \" style='border-radius:0px; '><div  style='padding-bottom:10px; margin-top:24px; color:#ffffff;font-size:48px;' class='av-special-heading av-special-heading-h1 custom-color-heading blockquote modern-quote  avia-builder-el-2  avia-builder-el-no-sibling  title_top av-inherit-size '><h1 class='av-special-heading-tag  av-medium-font-size-overwrite av-medium-font-size-44 av-small-font-size-overwrite av-small-font-size-38 av-mini-font-size-overwrite av-mini-font-size-34'  itemprop=\"headline\"  >Besoin d\u2018un devis pour travaux d\u2019installation \u00e9lectrique\u2009?<\/h1><div class='special-heading-border'><div class='special-heading-inner-border' style='border-color:#ffffff'><\/div><\/div><\/div><\/div>\n\n<\/div><\/div><\/main><!-- close content main element --><\/div><\/div><div id='projects'  class='avia-section main_color avia-section-large avia-no-border-styling  avia-bg-style-scroll  avia-builder-el-3  el_after_av_section  avia-builder-el-last  choose_section  container_wrap sidebar_right' style=' '  ><div class='container' ><div class='template-page content  av-content-small alpha units'><div class='post-entry post-entry-type-page post-entry-133'><div class='entry-content-wrapper clearfix'>\n<div class=\"flex_column av_one_full  flex_column_div av-zero-column-padding first  avia-builder-el-4  el_before_av_one_half  avia-builder-el-first  \" style='border-radius:0px; '><p><section class=\"av_textblock_section \"  itemscope=\"itemscope\" itemtype=\"https:\/\/schema.org\/CreativeWork\" ><div class='avia_textblock  '   itemprop=\"text\" ><p><strong><a href=\"https:\/\/electricien-montrouge.fr\/\">\u00c9lectricien \u00e0 Montrouge<\/a><\/strong><\/p>\n<\/div><\/section><br \/>\n<div  style='padding-bottom:10px; font-size:22px;' class='av-special-heading av-special-heading-h2  blockquote modern-quote  avia-builder-el-6  el_after_av_textblock  el_before_av_textblock  av-inherit-size '><h2 class='av-special-heading-tag '  itemprop=\"headline\"  >Pour chaque intervention dans le quartier de Montrouge Est ou du Ferry-Buffalo, nos techniciens vous soumettent un devis. L\u2019objectif \u00e9tant de vous donner les informations li\u00e9es \u00e0 la r\u00e9alisation, ce dernier consiste \u00e0 vous procurer une id\u00e9e de travaux \u00e0 effectuer, de son co\u00fbt et son d\u00e9roulement. Vous pouvez alors voir un aper\u00e7u du chantier, notamment les modifications \u00e0 apporter d\u00e8s l\u2019\u00e9dition de ce support.<\/h2><div class='special-heading-border'><div class='special-heading-inner-border' ><\/div><\/div><\/div><br \/>\n<section class=\"av_textblock_section \"  itemscope=\"itemscope\" itemtype=\"https:\/\/schema.org\/CreativeWork\" ><div class='avia_textblock  '   itemprop=\"text\" ><p style=\"text-align: justify;\">Pour une entreprise, \u00e9diter un devis reste une mani\u00e8re de faire son travail en respectant les normes exig\u00e9es par la l\u00e9gislation. En effet, la loi fran\u00e7aise requiert l\u2019existence de document pour tous travaux r\u00e9alis\u00e9s dans le domaine de b\u00e2timent et de l\u2019\u00e9lectricit\u00e9. Nos techniciens sont oblig\u00e9s de vous faire part d\u2019un devis d\u00e9taill\u00e9 de travaux si votre d\u00e9pannage atteint ce montant.<\/p>\n<p style=\"text-align: justify;\">Vous habitez aux alentours de l\u2019Avenue Paix-Clarissa Jean-Philippe ou le long de la rue Rabelais, notre devis reste gratuit et affiche g\u00e9n\u00e9ralement les d\u00e9tails du travail. Vous pouvez alors demander diverses estimations aupr\u00e8s des diff\u00e9rentes sp\u00e9cialistes du m\u00e9tier, le principe demeure identique. Vous avez la possibilit\u00e9 de faire baisser le co\u00fbt de votre chantier jusqu\u2019\u00e0 20\u00a0% en faisant la comparaison de divers tarif appliqu\u00e9.<\/p>\n<\/div><\/section><\/p><\/div><div class=\"flex_column av_one_half  flex_column_div av-zero-column-padding first  avia-builder-el-8  el_after_av_one_full  el_before_av_one_half  column-top-margin\" style='border-radius:0px; '><div  class='avia-image-container  av-styling- av-hover-grow av-hide-overflow   avia-builder-el-9  avia-builder-el-no-sibling  avia-align-center '  itemprop=\"image\" itemscope=\"itemscope\" itemtype=\"https:\/\/schema.org\/ImageObject\"  ><div class='avia-image-container-inner'><div class='avia-image-overlay-wrap'><img class='avia_image' src='https:\/\/electricien-montrouge.fr\/wp-content\/uploads\/2020\/06\/electricien_montrouge.jpg' alt='' title='electricien_montrouge' height=\"418\" width=\"626\"  itemprop=\"thumbnailUrl\"  \/><\/div><\/div><\/div><\/div><div class=\"flex_column av_one_half  flex_column_div av-zero-column-padding   avia-builder-el-10  el_after_av_one_half  el_before_av_one_full  column-top-margin\" style='border-radius:0px; '><div  class='avia-image-container  av-styling- av-hover-grow av-hide-overflow   avia-builder-el-11  avia-builder-el-no-sibling  avia-align-center '  itemprop=\"image\" itemscope=\"itemscope\" itemtype=\"https:\/\/schema.org\/ImageObject\"  ><div class='avia-image-container-inner'><div class='avia-image-overlay-wrap'><img class='avia_image' src='https:\/\/electricien-montrouge.fr\/wp-content\/uploads\/2020\/06\/electricien_montrouge_prestations.jpg' alt='' title='electricien_montrouge_prestations' height=\"417\" width=\"626\"  itemprop=\"thumbnailUrl\"  \/><\/div><\/div><\/div><\/div><div class=\"flex_column av_one_full  flex_column_div av-zero-column-padding first  avia-builder-el-12  el_after_av_one_half  avia-builder-el-last  column-top-margin\" style='border-radius:0px; '><section class=\"av_textblock_section \"  itemscope=\"itemscope\" itemtype=\"https:\/\/schema.org\/CreativeWork\" ><div class='avia_textblock  '   itemprop=\"text\" ><h2 style=\"text-align: justify;\">Pourquoi faire des travaux \u00e9lectriques\u2009?<\/h2>\n<p style=\"text-align: justify;\">La majorit\u00e9 des \u00e9lectrom\u00e9nagers et d\u2019autres mat\u00e9riels utilis\u00e9s au sein d\u2019une habitation fonctionnent avec de l\u2019\u00e9lectricit\u00e9. Une panne au niveau du g\u00e9n\u00e9rateur ou une d\u00e9faillance de l\u2019un de vos c\u00e2bles engendre des inconforts au quotidien. Afin d\u2019\u00e9viter ce d\u00e9sagr\u00e9ment, des travaux \u00e9lectriques s\u2019imposent. Il peut s\u2019agir d\u2019une r\u00e9solution li\u00e9e au branchement, d\u2019une nouvelle installation ou d\u2019un simplement changement de la prise d\u2019alimentation. Nos interventions ont lieu partout au sein de la commune de Montrouge.<\/p>\n<p style=\"text-align: justify;\">\u00c0 part les composants d\u2019installation d\u00e9fectueux, d\u2019autres probl\u00e8mes li\u00e9s \u00e0 l\u2019\u00e9lectricit\u00e9 sont susceptibles de faire l\u2019objet de l\u2019intervention. De par notre qualit\u00e9 d\u2019expert, nous avons la possibilit\u00e9 de r\u00e9nover le syst\u00e8me \u00e9lectrique d\u2019un vieux b\u00e2timent et les accorder aux normes. Conform\u00e9ment \u00e0 la loi, tous ces mat\u00e9riels seront remplac\u00e9s par des composants plus performants comportant la certification NF C\u00a015-100. Pour un lieu de travail ou une maison d\u2019habitation, la constitution stipule que tout b\u00e2timent doit ob\u00e9ir aux normes de s\u00e9curit\u00e9 requises. Seuls les travaux \u00e9lectriques sont en mesure d\u2019adapter vos c\u00e2blages \u00e0 cette exigence qualit\u00e9.<\/p>\n<p style=\"text-align: justify;\">Lorsque vous achetez un appareil \u00e9lectrom\u00e9nager, vous avez probablement besoin d\u2019un raccordement suppl\u00e9mentaire. Cela peut \u00eatre une nouvelle installation ou une simple pose d\u2019une prise \u00e9lectrique. Au village Jean Jaur\u00e8s, nous intervenons dans un meilleur d\u00e9lai et nous engageons \u00e0 respecter votre propri\u00e9t\u00e9.<\/p>\n<\/div><\/section><\/div><\/div><\/div><\/div><!-- close content main div --><\/div><\/div><div id='after_section_2'  class='main_color av_default_container_wrap container_wrap sidebar_right' style=' '  ><div class='container' ><div class='template-page content  av-content-small alpha units'><div class='post-entry post-entry-type-page post-entry-133'><div class='entry-content-wrapper clearfix'>\n","protected":false},"excerpt":{"rendered":"","protected":false},"author":2,"featured_media":0,"parent":0,"menu_order":0,"comment_status":"closed","ping_status":"closed","template":"","meta":{"footnotes":""},"class_list":["post-133","page","type-page","status-publish","hentry"],"yoast_head":"<!-- This site is optimized with the Yoast SEO plugin v26.3 - https:\/\/yoast.com\/wordpress\/plugins\/seo\/ -->\n<title>Installation Electrique \u00e0 Montrouge - Arti Pro - 01 40 50 26 26<\/title>\n<meta name=\"description\" content=\"Pour chaque intervention dans le quartier de Montrouge Est ou du Ferry-Buffalo, nos techniciens vous soumettent un devis. L\u2019objectif \u00e9tant de vous donner les informations li\u00e9es \u00e0 la r\u00e9alisation, ce dernier consiste \u00e0 vous procurer une id\u00e9e de travaux \u00e0 effectuer, de son co\u00fbt et son d\u00e9roulement. Vous pouvez alors voir un aper\u00e7u du chantier, notamment les modifications \u00e0 apporter d\u00e8s l\u2019\u00e9dition de ce support.\" \/>\n<meta name=\"robots\" content=\"index, follow, max-snippet:-1, max-image-preview:large, max-video-preview:-1\" \/>\n<link rel=\"canonical\" href=\"http:\/\/electricien-montrouge.fr\/?page_id=133\" \/>\n<meta property=\"og:locale\" content=\"fr_FR\" \/>\n<meta property=\"og:type\" content=\"article\" \/>\n<meta property=\"og:title\" content=\"Installation Electrique \u00e0 Montrouge - Arti Pro - 01 40 50 26 26\" \/>\n<meta property=\"og:description\" content=\"Pour chaque intervention dans le quartier de Montrouge Est ou du Ferry-Buffalo, nos techniciens vous soumettent un devis. L\u2019objectif \u00e9tant de vous donner les informations li\u00e9es \u00e0 la r\u00e9alisation, ce dernier consiste \u00e0 vous procurer une id\u00e9e de travaux \u00e0 effectuer, de son co\u00fbt et son d\u00e9roulement. Vous pouvez alors voir un aper\u00e7u du chantier, notamment les modifications \u00e0 apporter d\u00e8s l\u2019\u00e9dition de ce support.\" \/>\n<meta property=\"og:url\" content=\"http:\/\/electricien-montrouge.fr\/?page_id=133\" \/>\n<meta property=\"og:site_name\" content=\"Electricien Montrouge\" \/>\n<meta property=\"article:modified_time\" content=\"2020-06-23T08:23:29+00:00\" \/>\n<meta name=\"twitter:card\" content=\"summary_large_image\" \/>\n<meta name=\"twitter:label1\" content=\"Dur\u00e9e de lecture estim\u00e9e\" \/>\n\t<meta name=\"twitter:data1\" content=\"9 minutes\" \/>\n<script type=\"application\/ld+json\" class=\"yoast-schema-graph\">{\"@context\":\"https:\/\/schema.org\",\"@graph\":[{\"@type\":\"WebPage\",\"@id\":\"http:\/\/electricien-montrouge.fr\/?page_id=133\",\"url\":\"http:\/\/electricien-montrouge.fr\/?page_id=133\",\"name\":\"Installation Electrique \u00e0 Montrouge - Arti Pro - 01 40 50 26 26\",\"isPartOf\":{\"@id\":\"http:\/\/electricien-montrouge.fr\/#website\"},\"datePublished\":\"2020-06-13T19:53:34+00:00\",\"dateModified\":\"2020-06-23T08:23:29+00:00\",\"description\":\"Pour chaque intervention dans le quartier de Montrouge Est ou du Ferry-Buffalo, nos techniciens vous soumettent un devis. L\u2019objectif \u00e9tant de vous donner les informations li\u00e9es \u00e0 la r\u00e9alisation, ce dernier consiste \u00e0 vous procurer une id\u00e9e de travaux \u00e0 effectuer, de son co\u00fbt et son d\u00e9roulement. Vous pouvez alors voir un aper\u00e7u du chantier, notamment les modifications \u00e0 apporter d\u00e8s l\u2019\u00e9dition de ce support.\",\"breadcrumb\":{\"@id\":\"http:\/\/electricien-montrouge.fr\/?page_id=133#breadcrumb\"},\"inLanguage\":\"fr-FR\",\"potentialAction\":[{\"@type\":\"ReadAction\",\"target\":[\"http:\/\/electricien-montrouge.fr\/?page_id=133\"]}]},{\"@type\":\"BreadcrumbList\",\"@id\":\"http:\/\/electricien-montrouge.fr\/?page_id=133#breadcrumb\",\"itemListElement\":[{\"@type\":\"ListItem\",\"position\":1,\"name\":\"Accueil\",\"item\":\"http:\/\/electricien-montrouge.fr\/\"},{\"@type\":\"ListItem\",\"position\":2,\"name\":\"Installation \u00e9lectrique\"}]},{\"@type\":\"WebSite\",\"@id\":\"http:\/\/electricien-montrouge.fr\/#website\",\"url\":\"http:\/\/electricien-montrouge.fr\/\",\"name\":\"Electricien Montrouge\",\"description\":\"Arti Pro\",\"potentialAction\":[{\"@type\":\"SearchAction\",\"target\":{\"@type\":\"EntryPoint\",\"urlTemplate\":\"http:\/\/electricien-montrouge.fr\/?s={search_term_string}\"},\"query-input\":{\"@type\":\"PropertyValueSpecification\",\"valueRequired\":true,\"valueName\":\"search_term_string\"}}],\"inLanguage\":\"fr-FR\"}]}<\/script>\n<!-- \/ Yoast SEO plugin. -->","yoast_head_json":{"title":"Installation Electrique \u00e0 Montrouge - Arti Pro - 01 40 50 26 26","description":"Pour chaque intervention dans le quartier de Montrouge Est ou du Ferry-Buffalo, nos techniciens vous soumettent un devis. L\u2019objectif \u00e9tant de vous donner les informations li\u00e9es \u00e0 la r\u00e9alisation, ce dernier consiste \u00e0 vous procurer une id\u00e9e de travaux \u00e0 effectuer, de son co\u00fbt et son d\u00e9roulement. Vous pouvez alors voir un aper\u00e7u du chantier, notamment les modifications \u00e0 apporter d\u00e8s l\u2019\u00e9dition de ce support.","robots":{"index":"index","follow":"follow","max-snippet":"max-snippet:-1","max-image-preview":"max-image-preview:large","max-video-preview":"max-video-preview:-1"},"canonical":"http:\/\/electricien-montrouge.fr\/?page_id=133","og_locale":"fr_FR","og_type":"article","og_title":"Installation Electrique \u00e0 Montrouge - Arti Pro - 01 40 50 26 26","og_description":"Pour chaque intervention dans le quartier de Montrouge Est ou du Ferry-Buffalo, nos techniciens vous soumettent un devis. L\u2019objectif \u00e9tant de vous donner les informations li\u00e9es \u00e0 la r\u00e9alisation, ce dernier consiste \u00e0 vous procurer une id\u00e9e de travaux \u00e0 effectuer, de son co\u00fbt et son d\u00e9roulement. Vous pouvez alors voir un aper\u00e7u du chantier, notamment les modifications \u00e0 apporter d\u00e8s l\u2019\u00e9dition de ce support.","og_url":"http:\/\/electricien-montrouge.fr\/?page_id=133","og_site_name":"Electricien Montrouge","article_modified_time":"2020-06-23T08:23:29+00:00","twitter_card":"summary_large_image","twitter_misc":{"Dur\u00e9e de lecture estim\u00e9e":"9 minutes"},"schema":{"@context":"https:\/\/schema.org","@graph":[{"@type":"WebPage","@id":"http:\/\/electricien-montrouge.fr\/?page_id=133","url":"http:\/\/electricien-montrouge.fr\/?page_id=133","name":"Installation Electrique \u00e0 Montrouge - Arti Pro - 01 40 50 26 26","isPartOf":{"@id":"http:\/\/electricien-montrouge.fr\/#website"},"datePublished":"2020-06-13T19:53:34+00:00","dateModified":"2020-06-23T08:23:29+00:00","description":"Pour chaque intervention dans le quartier de Montrouge Est ou du Ferry-Buffalo, nos techniciens vous soumettent un devis. L\u2019objectif \u00e9tant de vous donner les informations li\u00e9es \u00e0 la r\u00e9alisation, ce dernier consiste \u00e0 vous procurer une id\u00e9e de travaux \u00e0 effectuer, de son co\u00fbt et son d\u00e9roulement. Vous pouvez alors voir un aper\u00e7u du chantier, notamment les modifications \u00e0 apporter d\u00e8s l\u2019\u00e9dition de ce support.","breadcrumb":{"@id":"http:\/\/electricien-montrouge.fr\/?page_id=133#breadcrumb"},"inLanguage":"fr-FR","potentialAction":[{"@type":"ReadAction","target":["http:\/\/electricien-montrouge.fr\/?page_id=133"]}]},{"@type":"BreadcrumbList","@id":"http:\/\/electricien-montrouge.fr\/?page_id=133#breadcrumb","itemListElement":[{"@type":"ListItem","position":1,"name":"Accueil","item":"http:\/\/electricien-montrouge.fr\/"},{"@type":"ListItem","position":2,"name":"Installation \u00e9lectrique"}]},{"@type":"WebSite","@id":"http:\/\/electricien-montrouge.fr\/#website","url":"http:\/\/electricien-montrouge.fr\/","name":"Electricien Montrouge","description":"Arti Pro","potentialAction":[{"@type":"SearchAction","target":{"@type":"EntryPoint","urlTemplate":"http:\/\/electricien-montrouge.fr\/?s={search_term_string}"},"query-input":{"@type":"PropertyValueSpecification","valueRequired":true,"valueName":"search_term_string"}}],"inLanguage":"fr-FR"}]}},"amp_enabled":true,"_links":{"self":[{"href":"https:\/\/electricien-montrouge.fr\/index.php?rest_route=\/wp\/v2\/pages\/133","targetHints":{"allow":["GET"]}}],"collection":[{"href":"https:\/\/electricien-montrouge.fr\/index.php?rest_route=\/wp\/v2\/pages"}],"about":[{"href":"https:\/\/electricien-montrouge.fr\/index.php?rest_route=\/wp\/v2\/types\/page"}],"author":[{"embeddable":true,"href":"https:\/\/electricien-montrouge.fr\/index.php?rest_route=\/wp\/v2\/users\/2"}],"replies":[{"embeddable":true,"href":"https:\/\/electricien-montrouge.fr\/index.php?rest_route=%2Fwp%2Fv2%2Fcomments&post=133"}],"version-history":[{"count":0,"href":"https:\/\/electricien-montrouge.fr\/index.php?rest_route=\/wp\/v2\/pages\/133\/revisions"}],"wp:attachment":[{"href":"https:\/\/electricien-montrouge.fr\/index.php?rest_route=%2Fwp%2Fv2%2Fmedia&parent=133"}],"curies":[{"name":"wp","href":"https:\/\/api.w.org\/{rel}","templated":true}]}}