{"id":367,"date":"2020-06-23T08:12:08","date_gmt":"2020-06-23T08:12:08","guid":{"rendered":"https:\/\/electricien-montrouge.fr\/?page_id=367"},"modified":"2020-07-02T07:30:38","modified_gmt":"2020-07-02T07:30:38","slug":"tarifs","status":"publish","type":"page","link":"https:\/\/electricien-montrouge.fr\/?page_id=367","title":{"rendered":"Tarifs"},"content":{"rendered":"<div class=\"flex_column av_one_full  flex_column_div av-zero-column-padding first  avia-builder-el-0  avia-builder-el-no-sibling  \" style='border-radius:0px; '><section class=\"av_textblock_section \"  itemscope=\"itemscope\" itemtype=\"https:\/\/schema.org\/CreativeWork\" ><div class='avia_textblock  '   itemprop=\"text\" ><h1 style=\"text-align: center;\">Electricien Montrouge Tarifs et Prix \u2013 Arti Pro<\/h1>\n<p style=\"text-align: center;\">Du Lundi au Vendredi de 8h00 \u00e0 18h00 &#8211; <strong><a href=\"https:\/\/electricien-montrouge.fr\/\">\u00e9lectricien \u00e0 Montrouge<\/a><\/strong><\/p>\n<h2 style=\"text-align: center;\">Tarifs ttc des d\u00e9pannages (tva 10 % comprise pour le particulier ).<\/h2>\n<p style=\"text-align: center;\">Le Devis est gratuit sur rendez-vous au 01 40 50 26 26<br \/>\nD\u00e9placement Sur Paris et sa banlieue \u2013 45 \u20ac ttc*<br \/>\nRecherche de pannes \u00e9lectriques \u2013 \u00e0 partir de 70 \u20ac ttc*<br \/>\nR\u00e9parations \u00e9lectriques \u2013 \u00e0 partir de 70 \u20ac ttc*<\/p>\n<p style=\"text-align: center;\"><em><strong>* Les prix de pose indiqu\u00e9s comprennent uniquement la pose du produit concern\u00e9. Tous travaux compl\u00e9mentaires n\u00e9cessaires \u00e0 la bonne r\u00e9alisation du d\u00e9pannage, ou tout ajustement du produit \u00e0 son support feront l\u2019objet d\u2019une plus-value sur votre devis.<\/strong><\/em><\/p>\n<\/div><\/section><br \/>\n<div   class='hr hr-default   avia-builder-el-2  el_after_av_textblock  el_before_av_textblock '><span class='hr-inner ' ><span class='hr-inner-style'><\/span><\/span><\/div><br \/>\n<section class=\"av_textblock_section \"  itemscope=\"itemscope\" itemtype=\"https:\/\/schema.org\/CreativeWork\" ><div class='avia_textblock  '   itemprop=\"text\" ><h2 style=\"text-align: justify;\">Trouver un \u00e9lectricien \u00e0 Montrouge<\/h2>\n<p style=\"text-align: justify;\">Si vous habitez \u00e0 Montrouge, vous cherchez tr\u00e8s certainement \u00e0 noter quelques adresses et coordonn\u00e9es utiles concernant les diff\u00e9rents prestataires importants comme un plombier ou encore un \u00e9lectricien. En effet, certains professionnels sont importants \u00e0 connaitre pour pouvoir intervenir en cas d\u2019urgence, il est donc primordial de garder leurs coordonn\u00e9es avant d\u2019en avoir besoin.\u00a0 Cela vous \u00e9vitera de contacter plusieurs professionnels non disponibles \u00e0 Montrouge avant de trouver une personne disponible dans votre secteur.<\/p>\n<p style=\"text-align: justify;\">Notre entreprise vous permet de b\u00e9n\u00e9ficier d\u2019une intervention rapide \u00e0 Montrouge pour vous permettre de faire confiance \u00e0 des professionnels en cas d\u2019urgence ou de travaux importants \u00e0 effectuer. Nous vous avons pr\u00e9par\u00e9 une pr\u00e9sentation pour vous aider \u00e0 en apprendre plus sur nos comp\u00e9tences et nos valeurs. Alors n\u2019attendez plus pour d\u00e9couvrir nos diff\u00e9rentes prestations avant de nous contacter pour nous faire part de votre nouveau projet n\u00e9cessitant une intervention au niveau de l\u2019\u00e9lectricit\u00e9.<\/p>\n<h2 style=\"text-align: justify;\">Pourquoi faire appel \u00e0 un \u00e9lectricien \u00e0 Montrouge\u00a0?<\/h2>\n<p style=\"text-align: justify;\">Lors d\u2019une petite panne ou d\u2019une installation \u00e9lectrique \u00e0 effectuer, vous aurez certainement envie d\u2019essayer de vous d\u00e9brouiller par vous-m\u00eame. Mais cela ne signifie par pour autant que vous ferez le bon choix. En effet, un accident peut rapidement arriver lorsque l\u2019on touche \u00e0 de l\u2019\u00e9lectricit\u00e9, et vous pouvez m\u00eame d\u00e9grader votre installation sans le vouloir. R\u00e9sultat, vous serez tout de m\u00eame oblig\u00e9 de contacter un professionnel pour qu\u2019il puisse intervenir rapidement et le montant de la facture finira par \u00eatre plus important car il faudra r\u00e9parer vos erreurs en plus d\u2019effectuer les travaux.<\/p>\n<p style=\"text-align: justify;\">Nos \u00e9quipes sont donc compos\u00e9es d\u2019experts pour vous permettre d\u2019obtenir des solutions efficaces avec un savoir-faire professionnel tr\u00e8s rapidement. Quels que soient vos besoins \u00e9lectriques concernant une demande de particulier, de commercial ou d\u2019une autre activit\u00e9 professionnelle, vous pourrez b\u00e9n\u00e9ficier d\u2019une prise de contact rapide pour r\u00e9ussir \u00e0 vous lancer dans votre projet avec notre soutien.<\/p>\n<p style=\"text-align: justify;\">Nous prenons \u00e9galement le temps de garder des cr\u00e9neaux horaires disponibles pour intervenir en urgence \u00e0 Montrouge. Cela nous permet d\u2019agir dans le cadre d\u2019un d\u00e9pannage \u00e9lectrique en arrivant rapidement chez vous pour effectuer un diagnostic concernant votre panne. Nous pourrons ainsi vous proposer la solution la plus adapt\u00e9e et vous fournir un devis complet d\u00e9taillant les diff\u00e9rentes prestations. Il ne faut pas non plus oublier un point tr\u00e8s important\u00a0: si vous avez une panne \u00e9lectrique, pensez \u00e0 couper votre alimentation en attendant l\u2019intervention de nos professionnels \u00e0 Montrouge.<\/p>\n<h2 style=\"text-align: justify;\">Les prestations prises en charge par un \u00e9lectricien professionnel<\/h2>\n<p style=\"text-align: justify;\">Quel que soit votre quartier \u00e0 Montrouge, nous prendrons le temps d\u2019\u00e9tudier votre demande pour venir effectuer un diagnostic de vos installations. Que ce soit pour une urgence ou pour effectuer des travaux plus importants, nous viendrons chez vous pour prendre connaissance de vos installations. Cela permettra d\u2019\u00e9changer pour cibler vos attentes plus facilement, et de mettre en place un devis clair avec le d\u00e9tail des prestations.<\/p>\n<p style=\"text-align: justify;\">Nos professionnels sont polyvalents et vous permettent de b\u00e9n\u00e9ficier d\u2019un d\u00e9pannage professionnel avec r\u00e9paration en un minimum de temps. Mais ce n\u2019est pas tout, chaque installation effectuer par nos \u00e9lectriciens prend en compte la protection contre les surtensions \u00e9lectriques \u00e0 Montrouge afin de vous garantir des installations au normes pour votre s\u00e9curit\u00e9.<\/p>\n<p style=\"text-align: justify;\">Nous ne prenons pas simplement en charge les missions de d\u00e9pannages et nos professionnels prennent le temps de se lancer dans de nombreux travaux en prenant le temps de vous proposer des prestations diverses. Cela peut concerner la mise en place de c\u00e2blages pour un jacuzzi ou des appareils comme un lave-vaisselle par exemple. Vous pouvez \u00e9galement en profiter pour b\u00e9n\u00e9ficier d\u2019un savoir-faire professionnel \u00e0 travers une installation compl\u00e8te d\u2019interphone, de connectique, de syst\u00e8me de s\u00e9curit\u00e9 ou m\u00eame pour modifier votre r\u00e9seau t\u00e9l\u00e9phonique par exemple.<\/p>\n<p style=\"text-align: justify;\">Nous pouvons prendre en compte des demandes concernant de grosses r\u00e9novations avec la modification totale de vos installations \u00e9lectriques. Cela vous permettra de b\u00e9n\u00e9ficier de professionnels travaillant en \u00e9quipe sur le m\u00eame projet afin d\u2019avancer sans perdre de temps et de vous offrir de nouvelles installations fonctionnelles et s\u00e9curis\u00e9es. Vous pouvez donc nous contacter pour de nombreuses demandes afin d\u2019obtenir un \u00e9change avec un professionnel, une visite pour un diagnostic et un devis personnalis\u00e9.<\/p>\n<h2 style=\"text-align: justify;\">Une intervention \u00e0 domicile dans les diff\u00e9rents quartiers de Montrouge<\/h2>\n<p style=\"text-align: justify;\">Pour b\u00e9n\u00e9ficier de nos prestations et de l\u2019intervention de nos artisans, vous devez habiter Montrouge. En effet, nous intervenant dans la commune de Montrouge pour vous permettre d\u2019obtenir une aide rapidement avec des professionnels intervenant dans cette zone.<\/p>\n<p style=\"text-align: justify;\">Vous pouvez donc nous contacter si vous vous situez dans le quartier du vieux Montrouge, aux portes de Montrouge ou encore \u00e0 Montrouge Est par exemple.\u00a0Mais il sera \u00e9galement possible de b\u00e9n\u00e9ficier de nos interventions rapides si vous \u00eates au niveau du village de Jean Jaur\u00e8s, au quartier plein sud ou au quartier Ferry-Buffalo. Ces diff\u00e9rentes zones sont parfaitement compatibles avec notre zone d\u2019intervention et nous pourrons vous venir en aide facilement si vous avez besoin d\u2019un d\u00e9pannage rapide \u00e0 votre domicile.<\/p>\n<p style=\"text-align: justify;\">Il sera \u00e9galement possible de profiter de notre visite pour demander l\u2019installation d\u2019un g\u00e9n\u00e9rateur \u00e9lectrique plus adapt\u00e9 \u00e0 votre demande ou de changer le panneau \u00e9lectrique. L\u2019\u00e9lectricien de notre \u00e9quipe viendra vous aider avec votre panne mais vous pourrez tout \u00e0 fait effectuer d\u2019autres demandes qui figureront sur le devis afin d\u2019am\u00e9liorer vos installations et d\u2019\u00e9viter d\u2019autres pannes.<\/p>\n<p style=\"text-align: justify;\">Lors de notre arriv\u00e9e \u00e0 Montrouge, nous prendrons le temps de vous aider \u00e0 effectuer des v\u00e9rifications de s\u00e9curit\u00e9 pour \u00e9viter de vous laisser avec une installation dangereuse. Vous recevrez \u00e9galement des conseils en fonction des travaux pr\u00e9vus \u00e0 Montrouge ou des \u00e9v\u00e8nement m\u00e9t\u00e9orologiques survenus il y a peu de temps.<\/p>\n<h2 style=\"text-align: justify;\">Un savoir-faire professionnel \u00e0 Montrouge<\/h2>\n<p style=\"text-align: justify;\">Nos \u00e9lectriciens ne sont pas seulement des professionnels polyvalents pouvant r\u00e9pondre \u00e0 vos besoins en intervenant rapidement. Ce sont \u00e9galement des personnes passionn\u00e9es par le m\u00e9tier. Cela signifie qu\u2019elles voudront prendre le temps d\u2019identifier vos besoins et vos attentes afin de venir effectuer un diagnostic adapt\u00e9 chez vous.<\/p>\n<p style=\"text-align: justify;\">Lors de la visite vous aurez la possibilit\u00e9 de poser de nombreuses questions et de peaufiner la mise en place de vos projets de travaux. Cela aidera l\u2019\u00e9lectricien \u00e0 vous donner de nombreux conseils en fonction de vos installations d\u00e9j\u00e0 en place. Il aura un regard neuf et ext\u00e9rieur sur la situation tout en prenant en compte vos besoins facilement. Son expertise vous permettra d\u2019obtenir un devis enti\u00e8rement personnalis\u00e9\u00a0!<\/p>\n<p style=\"text-align: justify;\">Nos experts font leur possible pour vous permettre de profiter d\u2019un tarif raisonnable pouvant correspondre \u00e0 votre budget tout en vous offrant une haute qualit\u00e9 de prestation. Mais il ne faudra pas vous diriger vers des professionnels essayant de casser les prix car cela pourrait vous conduire \u00e0 obtenir une prestation de mauvaise qualit\u00e9. Si vous avez un budget serr\u00e9, vous ne devez pas h\u00e9siter \u00e0 en parler \u00e0 nos professionnels, cela permettra de trouver un compromis efficace sans mettre en p\u00e9ril la qualit\u00e9 et la fiabilit\u00e9 de notre intervention.<\/p>\n<p style=\"text-align: justify;\">Alors si vous souhaitez des conseils concernant nos prestations \u00e9lectriques, prenez le temps de nous contacter pour nous faire part de votre demande. Nous prendrons le temps de vous r\u00e9pondre et chaque \u00e9lectricien de notre \u00e9quipe fera son possible pour vous aider \u00e0 obtenir le travail recherch\u00e9 gr\u00e2ce \u00e0 notre savoir-faire. Il ne vous restera plus qu\u2019\u00e0 \u00e9tudier la proposition de devis et vous lancer dans cette aventure en toute confiance\u00a0!<\/p>\n<\/div><\/section><\/p><\/div>\n","protected":false},"excerpt":{"rendered":"","protected":false},"author":1,"featured_media":0,"parent":0,"menu_order":0,"comment_status":"closed","ping_status":"closed","template":"","meta":{"footnotes":""},"class_list":["post-367","page","type-page","status-publish","hentry"],"yoast_head":"<!-- This site is optimized with the Yoast SEO plugin v26.3 - https:\/\/yoast.com\/wordpress\/plugins\/seo\/ -->\n<title>Tarifs et Prix - Electricien Montrouge \u2013 Arti Pro Devis Gratuit<\/title>\n<meta name=\"description\" content=\"* Les prix de pose indiqu\u00e9s comprennent uniquement la pose du produit concern\u00e9. Tous travaux compl\u00e9mentaires n\u00e9cessaires \u00e0 la bonne r\u00e9alisation du d\u00e9pannage, ou tout ajustement du produit \u00e0 son support feront l\u2019objet d\u2019une plus-value sur votre devis.\" \/>\n<meta name=\"robots\" content=\"index, follow, max-snippet:-1, max-image-preview:large, max-video-preview:-1\" \/>\n<link rel=\"canonical\" href=\"https:\/\/electricien-montrouge.fr\/?page_id=367\" \/>\n<meta property=\"og:locale\" content=\"fr_FR\" \/>\n<meta property=\"og:type\" content=\"article\" \/>\n<meta property=\"og:title\" content=\"Tarifs et Prix - Electricien Montrouge \u2013 Arti Pro Devis Gratuit\" \/>\n<meta property=\"og:description\" content=\"* Les prix de pose indiqu\u00e9s comprennent uniquement la pose du produit concern\u00e9. Tous travaux compl\u00e9mentaires n\u00e9cessaires \u00e0 la bonne r\u00e9alisation du d\u00e9pannage, ou tout ajustement du produit \u00e0 son support feront l\u2019objet d\u2019une plus-value sur votre devis.\" \/>\n<meta property=\"og:url\" content=\"https:\/\/electricien-montrouge.fr\/?page_id=367\" \/>\n<meta property=\"og:site_name\" content=\"Electricien Montrouge\" \/>\n<meta property=\"article:modified_time\" content=\"2020-07-02T07:30:38+00:00\" \/>\n<meta name=\"twitter:card\" content=\"summary_large_image\" \/>\n<meta name=\"twitter:label1\" content=\"Dur\u00e9e de lecture estim\u00e9e\" \/>\n\t<meta name=\"twitter:data1\" content=\"8 minutes\" \/>\n<script type=\"application\/ld+json\" class=\"yoast-schema-graph\">{\"@context\":\"https:\/\/schema.org\",\"@graph\":[{\"@type\":\"WebPage\",\"@id\":\"https:\/\/electricien-montrouge.fr\/?page_id=367\",\"url\":\"https:\/\/electricien-montrouge.fr\/?page_id=367\",\"name\":\"Tarifs et Prix - Electricien Montrouge \u2013 Arti Pro Devis Gratuit\",\"isPartOf\":{\"@id\":\"https:\/\/electricien-montrouge.fr\/#website\"},\"datePublished\":\"2020-06-23T08:12:08+00:00\",\"dateModified\":\"2020-07-02T07:30:38+00:00\",\"description\":\"* Les prix de pose indiqu\u00e9s comprennent uniquement la pose du produit concern\u00e9. Tous travaux compl\u00e9mentaires n\u00e9cessaires \u00e0 la bonne r\u00e9alisation du d\u00e9pannage, ou tout ajustement du produit \u00e0 son support feront l\u2019objet d\u2019une plus-value sur votre devis.\",\"breadcrumb\":{\"@id\":\"https:\/\/electricien-montrouge.fr\/?page_id=367#breadcrumb\"},\"inLanguage\":\"fr-FR\",\"potentialAction\":[{\"@type\":\"ReadAction\",\"target\":[\"https:\/\/electricien-montrouge.fr\/?page_id=367\"]}]},{\"@type\":\"BreadcrumbList\",\"@id\":\"https:\/\/electricien-montrouge.fr\/?page_id=367#breadcrumb\",\"itemListElement\":[{\"@type\":\"ListItem\",\"position\":1,\"name\":\"Accueil\",\"item\":\"https:\/\/electricien-montrouge.fr\/\"},{\"@type\":\"ListItem\",\"position\":2,\"name\":\"Tarifs\"}]},{\"@type\":\"WebSite\",\"@id\":\"https:\/\/electricien-montrouge.fr\/#website\",\"url\":\"https:\/\/electricien-montrouge.fr\/\",\"name\":\"Electricien Montrouge\",\"description\":\"Arti Pro\",\"potentialAction\":[{\"@type\":\"SearchAction\",\"target\":{\"@type\":\"EntryPoint\",\"urlTemplate\":\"https:\/\/electricien-montrouge.fr\/?s={search_term_string}\"},\"query-input\":{\"@type\":\"PropertyValueSpecification\",\"valueRequired\":true,\"valueName\":\"search_term_string\"}}],\"inLanguage\":\"fr-FR\"}]}<\/script>\n<!-- \/ Yoast SEO plugin. -->","yoast_head_json":{"title":"Tarifs et Prix - Electricien Montrouge \u2013 Arti Pro Devis Gratuit","description":"* Les prix de pose indiqu\u00e9s comprennent uniquement la pose du produit concern\u00e9. Tous travaux compl\u00e9mentaires n\u00e9cessaires \u00e0 la bonne r\u00e9alisation du d\u00e9pannage, ou tout ajustement du produit \u00e0 son support feront l\u2019objet d\u2019une plus-value sur votre devis.","robots":{"index":"index","follow":"follow","max-snippet":"max-snippet:-1","max-image-preview":"max-image-preview:large","max-video-preview":"max-video-preview:-1"},"canonical":"https:\/\/electricien-montrouge.fr\/?page_id=367","og_locale":"fr_FR","og_type":"article","og_title":"Tarifs et Prix - Electricien Montrouge \u2013 Arti Pro Devis Gratuit","og_description":"* Les prix de pose indiqu\u00e9s comprennent uniquement la pose du produit concern\u00e9. Tous travaux compl\u00e9mentaires n\u00e9cessaires \u00e0 la bonne r\u00e9alisation du d\u00e9pannage, ou tout ajustement du produit \u00e0 son support feront l\u2019objet d\u2019une plus-value sur votre devis.","og_url":"https:\/\/electricien-montrouge.fr\/?page_id=367","og_site_name":"Electricien Montrouge","article_modified_time":"2020-07-02T07:30:38+00:00","twitter_card":"summary_large_image","twitter_misc":{"Dur\u00e9e de lecture estim\u00e9e":"8 minutes"},"schema":{"@context":"https:\/\/schema.org","@graph":[{"@type":"WebPage","@id":"https:\/\/electricien-montrouge.fr\/?page_id=367","url":"https:\/\/electricien-montrouge.fr\/?page_id=367","name":"Tarifs et Prix - Electricien Montrouge \u2013 Arti Pro Devis Gratuit","isPartOf":{"@id":"https:\/\/electricien-montrouge.fr\/#website"},"datePublished":"2020-06-23T08:12:08+00:00","dateModified":"2020-07-02T07:30:38+00:00","description":"* Les prix de pose indiqu\u00e9s comprennent uniquement la pose du produit concern\u00e9. Tous travaux compl\u00e9mentaires n\u00e9cessaires \u00e0 la bonne r\u00e9alisation du d\u00e9pannage, ou tout ajustement du produit \u00e0 son support feront l\u2019objet d\u2019une plus-value sur votre devis.","breadcrumb":{"@id":"https:\/\/electricien-montrouge.fr\/?page_id=367#breadcrumb"},"inLanguage":"fr-FR","potentialAction":[{"@type":"ReadAction","target":["https:\/\/electricien-montrouge.fr\/?page_id=367"]}]},{"@type":"BreadcrumbList","@id":"https:\/\/electricien-montrouge.fr\/?page_id=367#breadcrumb","itemListElement":[{"@type":"ListItem","position":1,"name":"Accueil","item":"https:\/\/electricien-montrouge.fr\/"},{"@type":"ListItem","position":2,"name":"Tarifs"}]},{"@type":"WebSite","@id":"https:\/\/electricien-montrouge.fr\/#website","url":"https:\/\/electricien-montrouge.fr\/","name":"Electricien Montrouge","description":"Arti Pro","potentialAction":[{"@type":"SearchAction","target":{"@type":"EntryPoint","urlTemplate":"https:\/\/electricien-montrouge.fr\/?s={search_term_string}"},"query-input":{"@type":"PropertyValueSpecification","valueRequired":true,"valueName":"search_term_string"}}],"inLanguage":"fr-FR"}]}},"amp_enabled":true,"_links":{"self":[{"href":"https:\/\/electricien-montrouge.fr\/index.php?rest_route=\/wp\/v2\/pages\/367","targetHints":{"allow":["GET"]}}],"collection":[{"href":"https:\/\/electricien-montrouge.fr\/index.php?rest_route=\/wp\/v2\/pages"}],"about":[{"href":"https:\/\/electricien-montrouge.fr\/index.php?rest_route=\/wp\/v2\/types\/page"}],"author":[{"embeddable":true,"href":"https:\/\/electricien-montrouge.fr\/index.php?rest_route=\/wp\/v2\/users\/1"}],"replies":[{"embeddable":true,"href":"https:\/\/electricien-montrouge.fr\/index.php?rest_route=%2Fwp%2Fv2%2Fcomments&post=367"}],"version-history":[{"count":0,"href":"https:\/\/electricien-montrouge.fr\/index.php?rest_route=\/wp\/v2\/pages\/367\/revisions"}],"wp:attachment":[{"href":"https:\/\/electricien-montrouge.fr\/index.php?rest_route=%2Fwp%2Fv2%2Fmedia&parent=367"}],"curies":[{"name":"wp","href":"https:\/\/api.w.org\/{rel}","templated":true}]}}